{"id":19,"date":"2025-09-21T00:07:18","date_gmt":"2025-09-21T00:07:18","guid":{"rendered":"https:\/\/firemovement.comunifecali.org\/?page_id=19"},"modified":"2025-10-25T10:46:33","modified_gmt":"2025-10-25T15:46:33","slug":"home","status":"publish","type":"page","link":"https:\/\/firemovement.comunifecali.org\/","title":{"rendered":"Home"},"content":{"rendered":"<div class=\"vce-row-container\"><div class=\"vce-row vce-row--col-gap-0 vce-row-no-paddings vce-row-equal-height vce-row-content--top\" data-vce-full-width=\"true\" data-vce-stretch-content=\"true\" id=\"el-0bcfa460\" data-vce-do-apply=\"all el-0bcfa460\"><div class=\"vce-row-content\" data-vce-element-content=\"true\"><div class=\"vce-col vce-col--md-100p vce-col--xs-1 vce-col--xs-last vce-col--xs-first vce-col--sm-last vce-col--sm-first vce-col--md-last vce-col--lg-last vce-col--xl-last vce-col--md-first vce-col--lg-first vce-col--xl-first\" id=\"el-4ae09623\"><div class=\"vce-col-inner\" data-vce-do-apply=\"border margin background  el-4ae09623\"><div class=\"vce-col-content\" data-vce-element-content=\"true\" data-vce-do-apply=\"padding el-4ae09623\"><div class=\"vce-yt-video-player vce-yt-video-player--align-left vce-yt-video-player--size-custom\"><div class=\"vce vce-yt-video-player-wrapper\" id=\"el-fa23edd6\" data-vce-do-apply=\"all el-fa23edd6\" style=\"width: 100%;\"><div class=\"vce-yt-video-player-inner\"><iframe class=\"vce-yt-video-player-iframe lazyload\" data-src=\"https:\/\/www.youtube.com\/embed\/anan8bgxs1g?autoplay=1&amp;mute=1&amp;color=red&amp;controls=0&amp;loop=1&amp;playlist=anan8bgxs1g&amp;rel=0&amp;start=0&amp;cc_load_policy=0&amp;iv_load_policy=3&amp;enablejsapi=1\" width=\"640\" height=\"390\" allowfullscreen=\"\" title=\"YouTube video\" src=\"data:image\/svg+xml;base64,PHN2ZyB3aWR0aD0iMSIgaGVpZ2h0PSIxIiB4bWxucz0iaHR0cDovL3d3dy53My5vcmcvMjAwMC9zdmciPjwvc3ZnPg==\" data-load-mode=\"1\"><\/iframe><\/div><\/div><\/div><\/div><\/div><\/div><\/div><\/div><\/div><div class=\"vce-row-container\"><div class=\"vce-row vce-row--col-gap-0 vce-row-no-paddings vce-row-equal-height vce-row-content--top\" data-vce-full-width=\"true\" data-vce-stretch-content=\"true\" id=\"el-b35a427a\" data-vce-do-apply=\"all el-b35a427a\"><div class=\"vce-row-content\" data-vce-element-content=\"true\"><div class=\"vce-col vce-col--md-100p vce-col--xs-1 vce-col--xs-last vce-col--xs-first vce-col--sm-last vce-col--sm-first vce-col--md-last vce-col--lg-last vce-col--xl-last vce-col--md-first vce-col--lg-first vce-col--xl-first\" id=\"el-07230e56\"><div class=\"vce-col-inner\" data-vce-do-apply=\"border margin background  el-07230e56\"><div class=\"vce-col-content\" data-vce-element-content=\"true\" data-vce-do-apply=\"padding el-07230e56\"><div class=\"vce-single-image-container vce-single-image--align-left\"><div class=\"vce vce-single-image-wrapper\" id=\"el-837ef4e4\" data-vce-do-apply=\"all el-837ef4e4\" data-vce-animate=\"vce-o-animate--bounceInRight\"><figure><div class=\"vce-single-image-figure-inner\" style=\"width: 1921px;\"><div class=\"vce-single-image-inner vce-single-image--absolute\" style=\"width: 100%; padding-bottom: 67.6731%;\"><img decoding=\"async\" class=\"vce-single-image lazyload\" data-src=\"https:\/\/firemovement.comunifecali.org\/wp-content\/uploads\/2025\/10\/info-2.webp\" data-img-data-src=\"https:\/\/firemovement.comunifecali.org\/wp-content\/uploads\/2025\/10\/info-2.webp\" data-attachment-id=\"1022\" alt=\"\" title=\"\" src=\"data:image\/svg+xml;base64,PHN2ZyB3aWR0aD0iMSIgaGVpZ2h0PSIxIiB4bWxucz0iaHR0cDovL3d3dy53My5vcmcvMjAwMC9zdmciPjwvc3ZnPg==\" style=\"--smush-placeholder-width: 1921px; --smush-placeholder-aspect-ratio: 1921\/1300;\"><\/div><\/div><figcaption hidden=\"\"><\/figcaption><\/figure><\/div><\/div><\/div><\/div><\/div><\/div><\/div><\/div><div class=\"vce-row-container\"><div class=\"vce-row vce-row--col-gap-0 vce-row-no-paddings vce-row-equal-height vce-row-content--top\" data-vce-full-width=\"true\" data-vce-stretch-content=\"true\" id=\"el-f8bd74b1\" data-vce-do-apply=\"all el-f8bd74b1\"><div class=\"vce-row-content\" data-vce-element-content=\"true\"><div class=\"vce-col vce-col--md-100p vce-col--xs-1 vce-col--xs-last vce-col--xs-first vce-col--sm-last vce-col--sm-first vce-col--md-last vce-col--lg-last vce-col--xl-last vce-col--md-first vce-col--lg-first vce-col--xl-first\" id=\"el-b742f3f2\"><div class=\"vce-col-inner\" data-vce-do-apply=\"border margin background  el-b742f3f2\"><div class=\"vce-col-content\" data-vce-element-content=\"true\" data-vce-do-apply=\"padding el-b742f3f2\"><div class=\"vce-single-image-container vce-single-image--align-left\"><div class=\"vce vce-single-image-wrapper\" id=\"el-52e0e066\" data-vce-do-apply=\"all el-52e0e066\" data-vce-animate=\"vce-o-animate--bounceInLeft\"><figure><div class=\"vce-single-image-figure-inner\" style=\"width: 1921px;\"><div class=\"vce-single-image-inner vce-single-image--absolute\" style=\"width: 100%; padding-bottom: 35.0338%;\"><img decoding=\"async\" class=\"vce-single-image lazyload\" data-src=\"https:\/\/firemovement.comunifecali.org\/wp-content\/uploads\/2025\/10\/versiculo-3.webp\" data-img-data-src=\"https:\/\/firemovement.comunifecali.org\/wp-content\/uploads\/2025\/10\/versiculo-3.webp\" data-attachment-id=\"1023\" alt=\"\" title=\"\" src=\"data:image\/svg+xml;base64,PHN2ZyB3aWR0aD0iMSIgaGVpZ2h0PSIxIiB4bWxucz0iaHR0cDovL3d3dy53My5vcmcvMjAwMC9zdmciPjwvc3ZnPg==\" style=\"--smush-placeholder-width: 1921px; --smush-placeholder-aspect-ratio: 1921\/673;\"><\/div><\/div><figcaption hidden=\"\"><\/figcaption><\/figure><\/div><\/div><\/div><\/div><\/div><\/div><\/div><\/div><div class=\"vce-row-container\"><div class=\"vce-row vce-row--col-gap-0 vce-row-no-paddings vce-row-equal-height vce-row-content--top\" data-vce-full-width=\"true\" data-vce-stretch-content=\"true\" id=\"el-eecb0ff6\" data-vce-do-apply=\"all el-eecb0ff6\"><div class=\"vce-row-content\" data-vce-element-content=\"true\"><div class=\"vce-col vce-col--md-100p vce-col--xs-1 vce-col--xs-last vce-col--xs-first vce-col--sm-last vce-col--sm-first vce-col--md-last vce-col--lg-last vce-col--xl-last vce-col--md-first vce-col--lg-first vce-col--xl-first\" id=\"el-bb8cdfd8\"><div class=\"vce-col-inner\" data-vce-do-apply=\"border margin background  el-bb8cdfd8\"><div class=\"vce-col-content\" data-vce-element-content=\"true\" data-vce-do-apply=\"padding el-bb8cdfd8\"><div class=\"vce-single-image-container vce-single-image--align-left\"><div class=\"vce vce-single-image-wrapper\" id=\"el-4ae73ac2\" data-vce-do-apply=\"all el-4ae73ac2\" data-vce-animate=\"vce-o-animate--bounceIn\"><figure><div class=\"vce-single-image-figure-inner\" style=\"width: 1921px;\"><a href=\"https:\/\/firemovement.comunifecali.org\/index.php\/events\/fire-movement-2025\/\" title=\"\" target=\"_blank\" class=\"vce-single-image-inner vce-single-image--absolute\" style=\"width: 100%; padding-bottom: 8.53722%;\"><img decoding=\"async\" class=\"vce-single-image lazyload\" data-src=\"https:\/\/firemovement.comunifecali.org\/wp-content\/uploads\/2025\/10\/abquiere1.webp\" data-img-data-src=\"https:\/\/firemovement.comunifecali.org\/wp-content\/uploads\/2025\/10\/abquiere1.webp\" data-attachment-id=\"727\" alt=\"\" title=\"abquiere1\" src=\"data:image\/svg+xml;base64,PHN2ZyB3aWR0aD0iMSIgaGVpZ2h0PSIxIiB4bWxucz0iaHR0cDovL3d3dy53My5vcmcvMjAwMC9zdmciPjwvc3ZnPg==\" style=\"--smush-placeholder-width: 1921px; --smush-placeholder-aspect-ratio: 1921\/164;\"><\/a><\/div><figcaption hidden=\"\"><\/figcaption><\/figure><\/div><\/div><\/div><\/div><\/div><\/div><\/div><\/div><div class=\"vce-row-container\"><div class=\"vce-row vce-row--col-gap-0 vce-row-no-paddings vce-row-equal-height vce-row-content--top\" data-vce-full-width=\"true\" data-vce-stretch-content=\"true\" id=\"el-b9f2e9d9\" data-vce-do-apply=\"all el-b9f2e9d9\"><div class=\"vce-row-content\" data-vce-element-content=\"true\"><div class=\"vce-col vce-col--md-100p vce-col--xs-1 vce-col--xs-last vce-col--xs-first vce-col--sm-last vce-col--sm-first vce-col--md-last vce-col--lg-last vce-col--xl-last vce-col--md-first vce-col--lg-first vce-col--xl-first\" id=\"el-a51d4283\"><div class=\"vce-col-inner\" data-vce-do-apply=\"border margin background  el-a51d4283\"><div class=\"vce-col-content\" data-vce-element-content=\"true\" data-vce-do-apply=\"padding el-a51d4283\"><div class=\"vce-raw-html\"><div class=\"vce-raw-html-wrapper\" id=\"el-3c84e8be\" data-vce-do-apply=\"all el-3c84e8be\">\n\n\n    <meta charset=\"UTF-8\">\n    <meta name=\"viewport\" content=\"width=device-width, initial-scale=1.0\">\n    <style>\n        body {\n            font-family: Helvetica;\n            padding: 0px;\n            background-color: #f0f0f0;\n        }\n\n        .image-container {\n            position: relative;\n            display: block;\n            max-width: 100%;\n\t\t\tline-height: 0;\n\t\t\tfont-size: 0;\n        }\n\n        .image-container img {\n            display: block;\n            max-width: 100%;\n            height: auto;\n\t\t\tmargin: 0;\n\t\t\tpadding: 0;\n        }\n\n        .person-area {\n            position: absolute;\n            cursor: pointer;\n            transition: opacity 0.3s;\n            border-radius: 50%;\n            border: 3px solid transparent;\n        }\n\n        .person-area:hover {\n            opacity: 0.3;\n            background-color: rgba(255, 255, 255, 0.3);\n            border-color: rgba(255, 255, 255, 0.6);\n        }\n\n        .tooltip {\n            position: absolute;\n            background: linear-gradient(135deg, #000 0%, #000 100%);\n            color: #000;\n            border: 3px solid #fff;\n            border-radius: 50%;\n            padding: 20px;\n            box-shadow: 0 8px 16px rgba(0, 0, 0, 0.3);\n            width: 170px;\n            height: 170px;\n            display: flex;\n            flex-direction: column;\n            align-items: center;\n            justify-content: center;\n            text-align: center;\n            opacity: 0;\n            visibility: hidden;\n            transition: opacity 0.3s, visibility 0.3s, transform 0.3s;\n            z-index: 1000;\n            pointer-events: none;\n            transform: scale(0.8);\n        }\n\n        .tooltip.show {\n            opacity: 1;\n            visibility: visible;\n            transform: scale(1);\n        }\n\n        .tooltip.show {\n            opacity: 1;\n            visibility: visible;\n        }\n\n        .tooltip h3 {\n            margin: 0 0 8px 0;\n            color: white;\n            font-size: 14px;\n            font-weight: bold;\n        }\n\n        .tooltip p {\n            margin: 0;\n            color: rgba(255, 255, 255, 0.95);\n            font-size: 11px;\n            line-height: 1.4;\n            overflow: hidden;\n            text-overflow: ellipsis;\n\t\t\tfont-weight: bold;\n\t\t\tline-height: 1.3;\t\t\n        }\n\t\t.tooltip br {\n\t\t\tline-height: 1.3;\t\t\n        }\n\n        .instructions {\n            margin-bottom: 20px;\n            padding: 15px;\n            background-color: #fff;\n            border-radius: 5px;\n            border-left: 4px solid #4CAF50;\n        }\n\n        .instructions h2 {\n            margin-top: 0;\n            color: #4CAF50;\n        }\n\n        .instructions code {\n            background-color: #f4f4f4;\n            padding: 2px 6px;\n            border-radius: 3px;\n            font-family: monospace;\n        }\n\t\t.br.small {\n        line-height: 0.2;\n        content: \"\";\n        display: block;\n        margin: 2px 0; \/* Ajusta este valor *\/\n    }\n    <\/style>\n\n\n\n    <div class=\"image-container\" id=\"imageContainer\">\n        <!-- Reemplaza esta URL con tu imagen -->\n        <img decoding=\"async\" data-src=\"https:\/\/firemovement.comunifecali.org\/wp-content\/uploads\/2025\/09\/invitados-4-2.webp\" alt=\"\" id=\"mainImage\" src=\"data:image\/svg+xml;base64,PHN2ZyB3aWR0aD0iMSIgaGVpZ2h0PSIxIiB4bWxucz0iaHR0cDovL3d3dy53My5vcmcvMjAwMC9zdmciPjwvc3ZnPg==\" class=\"lazyload\" style=\"--smush-placeholder-width: 1921px; --smush-placeholder-aspect-ratio: 1921\/1351;\">\n        \n        <!-- \u00c1rea para Persona 1 (izquierda) - Circular -->\n\t\t\t<div class=\"person-area\" data-person=\"1\" data-left=\"23.8\" data-top=\"36.9\" data-radius=\"15\">\n\t\t\t<\/div>\n        \n        <!-- \u00c1rea para Persona 2 (derecha) - Circular -->\n\t\t\t<div class=\"person-area\" data-person=\"2\" data-left=\"75.6\" data-top=\"62.4\" data-radius=\"15\">\n\t\t\t<\/div>\n    <\/div>\n\n    <!-- Tooltips Circulares -->\n    <div class=\"tooltip\" id=\"tooltip1\">\n\t\t<p>Pastor de J\u00f3venes y<\/p> <p>adorador Ministerio <\/p><p>TOMA TU LUGAR<\/p><br>\n        <p>M\u00fasico, compositor y productor paname\u00f1o. Vive con su esposa Dri y sus hijos Jaden y Joel en la ciudad de C\u00f3rdoba, Argentina, donde sirven con la familia TOMATULUGAR.<\/p>\n    <\/div>\n\n    <div class=\"tooltip\" id=\"tooltip2\">\n\n        <p>Adorador y ministro de la palabra<\/p>\n        <p>Ministerio REINO EN LA PLAZA.<\/p><br>\n        <p>L\u00edder de adoraci\u00f3n chileno, compositor y director del ministerio REINO EN LA PLAZA, movimiento de adoraci\u00f3n y misiones.<\/p>\n    <\/div>\n\n    <script>\n        const imageContainer = document.getElementById('imageContainer');\n        const mainImage = document.getElementById('mainImage');\n        const personAreas = document.querySelectorAll('.person-area');\n\n        \/\/ Funci\u00f3n para posicionar las \u00e1reas circulares sobre la imagen\n        function positionAreas() {\n            const imageRect = mainImage.getBoundingClientRect();\n            const aspectRatio = imageRect.width \/ imageRect.height;\n            \n            personAreas.forEach(area => {\n                const left = parseFloat(area.dataset.left);\n                const top = parseFloat(area.dataset.top);\n                const radius = parseFloat(area.dataset.radius);\n                \n                \/\/ Calcular el height ajustado para mantener c\u00edrculos perfectos\n                const adjustedHeight = radius * aspectRatio;\n                \n                \/\/ Posicionar el centro del c\u00edrculo\n                area.style.left = `calc(${left}% - ${radius}%)`;\n                area.style.top = `calc(${top}% - ${adjustedHeight}%)`;\n                area.style.width = (radius * 2) + '%';\n                area.style.height = (adjustedHeight * 2) + '%';\n            });\n        }\n\n        \/\/ Posicionar \u00e1reas al cargar y al redimensionar\n        mainImage.addEventListener('load', positionAreas);\n        window.addEventListener('resize', positionAreas);\n        positionAreas();\n\n        \/\/ Mostrar\/ocultar tooltips\n        personAreas.forEach(area => {\n            const personId = area.dataset.person;\n            const tooltip = document.getElementById('tooltip' + personId);\n            \n            area.addEventListener('mouseenter', (e) => {\n                const rect = area.getBoundingClientRect();\n                const containerRect = imageContainer.getBoundingClientRect();\n                const tooltipWidth = 200; \/\/ Ancho del tooltip circular\n                const tooltipHeight = 200; \/\/ Alto del tooltip circular\n                \n                \/\/ Calcular posici\u00f3n horizontal\n                let leftPos = rect.left - containerRect.left + rect.width \/ 2 - tooltipWidth \/ 2;\n                \n                \/\/ Ajustar si se sale por la derecha\n                if (leftPos + tooltipWidth > containerRect.width) {\n                    leftPos = containerRect.width - tooltipWidth - 10;\n                }\n                \n                \/\/ Ajustar si se sale por la izquierda\n                if (leftPos < 10) {\n                    leftPos = 10;\n                }\n                \n                \/\/ Posicionar tooltip\n                tooltip.style.left = leftPos + 'px';\n                tooltip.style.top = (rect.bottom - containerRect.top + 10) + 'px';\n                \n                tooltip.classList.add('show');\n            });\n            \n            area.addEventListener('mouseleave', () => {\n                tooltip.classList.remove('show');\n            });\n        });\n    <\/script>\n\n<\/div><\/div><\/div><\/div><\/div><\/div><\/div><\/div><div class=\"vce-row-container\"><div class=\"vce-row vce-row--col-gap-0 vce-row-no-paddings vce-row-equal-height vce-row-content--top\" data-vce-full-width=\"true\" data-vce-stretch-content=\"true\" id=\"el-45749506\" data-vce-do-apply=\"all el-45749506\"><div class=\"vce-row-content\" data-vce-element-content=\"true\"><div class=\"vce-col vce-col--md-100p vce-col--xs-1 vce-col--xs-last vce-col--xs-first vce-col--sm-last vce-col--sm-first vce-col--md-last vce-col--lg-last vce-col--xl-last vce-col--md-first vce-col--lg-first vce-col--xl-first\" id=\"el-029db21b\"><div class=\"vce-col-inner\" data-vce-do-apply=\"border margin background  el-029db21b\"><div class=\"vce-col-content\" data-vce-element-content=\"true\" data-vce-do-apply=\"padding el-029db21b\"><div class=\"vce-single-image-container vce-single-image--align-left\"><div class=\"vce vce-single-image-wrapper\" id=\"el-251a13ee\" data-vce-do-apply=\"all el-251a13ee\" data-vce-animate=\"vce-o-animate--bounceInRight\"><figure><div class=\"vce-single-image-figure-inner\" style=\"width: 1921px;\"><div class=\"vce-single-image-inner vce-single-image--absolute\" style=\"width: 100%; padding-bottom: 56.2728%;\"><img decoding=\"async\" class=\"vce-single-image lazyload\" data-src=\"https:\/\/firemovement.comunifecali.org\/wp-content\/uploads\/2025\/09\/entradas2-5.webp\" data-img-data-src=\"https:\/\/firemovement.comunifecali.org\/wp-content\/uploads\/2025\/09\/entradas2-5.webp\" data-attachment-id=\"438\" alt=\"\" title=\"\" src=\"data:image\/svg+xml;base64,PHN2ZyB3aWR0aD0iMSIgaGVpZ2h0PSIxIiB4bWxucz0iaHR0cDovL3d3dy53My5vcmcvMjAwMC9zdmciPjwvc3ZnPg==\" style=\"--smush-placeholder-width: 1921px; --smush-placeholder-aspect-ratio: 1921\/1081;\"><\/div><\/div><figcaption hidden=\"\"><\/figcaption><\/figure><\/div><\/div><\/div><\/div><\/div><\/div><\/div><\/div><div class=\"vce-row-container\"><div class=\"vce-row vce-row--col-gap-0 vce-row-no-paddings vce-row-equal-height vce-row-content--top\" data-vce-full-width=\"true\" data-vce-stretch-content=\"true\" id=\"el-edef0390\" data-vce-do-apply=\"all el-edef0390\"><div class=\"vce-row-content\" data-vce-element-content=\"true\"><div class=\"vce-col vce-col--md-100p vce-col--xs-1 vce-col--xs-last vce-col--xs-first vce-col--sm-last vce-col--sm-first vce-col--md-last vce-col--lg-last vce-col--xl-last vce-col--md-first vce-col--lg-first vce-col--xl-first\" id=\"el-84d8c293\"><div class=\"vce-col-inner\" data-vce-do-apply=\"border margin background  el-84d8c293\"><div class=\"vce-col-content\" data-vce-element-content=\"true\" data-vce-do-apply=\"padding el-84d8c293\"><div class=\"vce-single-image-container vce-single-image--align-left\"><div class=\"vce vce-single-image-wrapper\" id=\"el-6d540e53\" data-vce-do-apply=\"all el-6d540e53\" data-vce-animate=\"vce-o-animate--bounceIn\"><figure><div class=\"vce-single-image-figure-inner\" style=\"width: 1921px;\"><a href=\"https:\/\/firemovement.comunifecali.org\/index.php\/events\/fire-movement-2025\/\" title=\"\" target=\"_blank\" class=\"vce-single-image-inner vce-single-image--absolute\" style=\"width: 100%; padding-bottom: 14.6278%;\"><img decoding=\"async\" class=\"vce-single-image lazyload\" data-src=\"https:\/\/firemovement.comunifecali.org\/wp-content\/uploads\/2025\/09\/boton-pago.webp\" data-img-data-src=\"https:\/\/firemovement.comunifecali.org\/wp-content\/uploads\/2025\/09\/boton-pago.webp\" data-attachment-id=\"182\" alt=\"\" title=\"\" src=\"data:image\/svg+xml;base64,PHN2ZyB3aWR0aD0iMSIgaGVpZ2h0PSIxIiB4bWxucz0iaHR0cDovL3d3dy53My5vcmcvMjAwMC9zdmciPjwvc3ZnPg==\" style=\"--smush-placeholder-width: 1921px; --smush-placeholder-aspect-ratio: 1921\/281;\"><\/a><\/div><figcaption hidden=\"\"><\/figcaption><\/figure><\/div><\/div><\/div><\/div><\/div><\/div><\/div><\/div><div class=\"vce-row-container\"><div class=\"vce-row vce-row--col-gap-0 vce-row-no-paddings vce-row-equal-height vce-row-content--top\" data-vce-full-width=\"true\" data-vce-stretch-content=\"true\" id=\"el-afd2e575\" data-vce-do-apply=\"all el-afd2e575\"><div class=\"vce-row-content\" data-vce-element-content=\"true\"><div class=\"vce-col vce-col--md-100p vce-col--xs-1 vce-col--xs-last vce-col--xs-first vce-col--sm-last vce-col--sm-first vce-col--md-last vce-col--lg-last vce-col--xl-last vce-col--md-first vce-col--lg-first vce-col--xl-first\" id=\"el-96c9946b\"><div class=\"vce-col-inner\" data-vce-do-apply=\"border margin background  el-96c9946b\"><div class=\"vce-col-content\" data-vce-element-content=\"true\" data-vce-do-apply=\"padding el-96c9946b\"><div class=\"vce-single-image-container vce-single-image--align-left\"><div class=\"vce vce-single-image-wrapper\" id=\"el-de84dca8\" data-vce-do-apply=\"all el-de84dca8\" data-vce-animate=\"vce-o-animate--bounceIn\"><figure><div class=\"vce-single-image-figure-inner\" style=\"width: 1819px;\"><div class=\"vce-single-image-inner vce-single-image--absolute\" style=\"width: 100%; padding-bottom: 140.737%;\"><img decoding=\"async\" class=\"vce-single-image lazyload\" data-src=\"https:\/\/firemovement.comunifecali.org\/wp-content\/uploads\/2025\/10\/programa3-scaled.webp\" data-img-data-src=\"https:\/\/firemovement.comunifecali.org\/wp-content\/uploads\/2025\/10\/programa3-scaled.webp\" data-attachment-id=\"528\" alt=\"\" title=\"\" src=\"data:image\/svg+xml;base64,PHN2ZyB3aWR0aD0iMSIgaGVpZ2h0PSIxIiB4bWxucz0iaHR0cDovL3d3dy53My5vcmcvMjAwMC9zdmciPjwvc3ZnPg==\" style=\"--smush-placeholder-width: 1819px; --smush-placeholder-aspect-ratio: 1819\/2560;\"><\/div><\/div><figcaption hidden=\"\"><\/figcaption><\/figure><\/div><\/div><\/div><\/div><\/div><\/div><\/div><\/div><div class=\"vce-row-container\"><div class=\"vce-row vce-row--col-gap-0 vce-row-no-paddings vce-row-equal-height vce-row-content--top\" data-vce-full-width=\"true\" data-vce-stretch-content=\"true\" id=\"el-ad3c45da\" data-vce-do-apply=\"all el-ad3c45da\"><div class=\"vce-row-content\" data-vce-element-content=\"true\"><div class=\"vce-col vce-col--md-100p vce-col--xs-1 vce-col--xs-last vce-col--xs-first vce-col--sm-last vce-col--sm-first vce-col--md-last vce-col--lg-last vce-col--xl-last vce-col--md-first vce-col--lg-first vce-col--xl-first\" id=\"el-e7fe3de6\"><div class=\"vce-col-inner\" data-vce-do-apply=\"border margin background  el-e7fe3de6\"><div class=\"vce-col-content\" data-vce-element-content=\"true\" data-vce-do-apply=\"padding el-e7fe3de6\"><div class=\"vce-single-image-container vce-single-image--align-left\"><div class=\"vce vce-single-image-wrapper\" id=\"el-5077e9a7\" data-vce-do-apply=\"all el-5077e9a7\" data-vce-animate=\"vce-o-animate--bounceInRight\"><figure><div class=\"vce-single-image-figure-inner\" style=\"width: 1937px;\"><div class=\"vce-single-image-inner vce-single-image--absolute\" style=\"width: 100%; padding-bottom: 45.4311%;\"><img decoding=\"async\" class=\"vce-single-image lazyload\" data-src=\"https:\/\/firemovement.comunifecali.org\/wp-content\/uploads\/2025\/09\/Hotel.webp\" data-img-data-src=\"https:\/\/firemovement.comunifecali.org\/wp-content\/uploads\/2025\/09\/Hotel.webp\" data-attachment-id=\"250\" alt=\"\" title=\"\" src=\"data:image\/svg+xml;base64,PHN2ZyB3aWR0aD0iMSIgaGVpZ2h0PSIxIiB4bWxucz0iaHR0cDovL3d3dy53My5vcmcvMjAwMC9zdmciPjwvc3ZnPg==\" style=\"--smush-placeholder-width: 1937px; --smush-placeholder-aspect-ratio: 1937\/880;\"><\/div><\/div><figcaption hidden=\"\"><\/figcaption><\/figure><\/div><\/div><\/div><\/div><\/div><\/div><\/div><\/div>\n","protected":false},"excerpt":{"rendered":"<p>Pastor de J\u00f3venes y adorador Ministerio TOMA TU LUGAR M\u00fasico, compositor y productor paname\u00f1o. Vive con su esposa Dri y sus hijos Jaden y Joel en la ciudad de C\u00f3rdoba, [&hellip;]<\/p>\n","protected":false},"author":1,"featured_media":270,"parent":0,"menu_order":0,"comment_status":"closed","ping_status":"closed","template":"","meta":{"_EventAllDay":false,"_EventTimezone":"","_EventStartDate":"","_EventEndDate":"","_EventStartDateUTC":"","_EventEndDateUTC":"","_EventShowMap":false,"_EventShowMapLink":false,"_EventURL":"","_EventCost":"","_EventCostDescription":"","_EventCurrencySymbol":"","_EventCurrencyCode":"","_EventCurrencyPosition":"","_EventDateTimeSeparator":"","_EventTimeRangeSeparator":"","_EventOrganizerID":[],"_EventVenueID":[],"_OrganizerEmail":"","_OrganizerPhone":"","_OrganizerWebsite":"","_VenueAddress":"","_VenueCity":"","_VenueCountry":"","_VenueProvince":"","_VenueState":"","_VenueZip":"","_VenuePhone":"","_VenueURL":"","_VenueStateProvince":"","_VenueLat":"","_VenueLng":"","_VenueShowMap":false,"_VenueShowMapLink":false,"footnotes":""},"class_list":["post-19","page","type-page","status-publish","has-post-thumbnail","hentry"],"_links":{"self":[{"href":"https:\/\/firemovement.comunifecali.org\/index.php\/wp-json\/wp\/v2\/pages\/19","targetHints":{"allow":["GET"]}}],"collection":[{"href":"https:\/\/firemovement.comunifecali.org\/index.php\/wp-json\/wp\/v2\/pages"}],"about":[{"href":"https:\/\/firemovement.comunifecali.org\/index.php\/wp-json\/wp\/v2\/types\/page"}],"author":[{"embeddable":true,"href":"https:\/\/firemovement.comunifecali.org\/index.php\/wp-json\/wp\/v2\/users\/1"}],"replies":[{"embeddable":true,"href":"https:\/\/firemovement.comunifecali.org\/index.php\/wp-json\/wp\/v2\/comments?post=19"}],"version-history":[{"count":87,"href":"https:\/\/firemovement.comunifecali.org\/index.php\/wp-json\/wp\/v2\/pages\/19\/revisions"}],"predecessor-version":[{"id":1024,"href":"https:\/\/firemovement.comunifecali.org\/index.php\/wp-json\/wp\/v2\/pages\/19\/revisions\/1024"}],"wp:featuredmedia":[{"embeddable":true,"href":"https:\/\/firemovement.comunifecali.org\/index.php\/wp-json\/wp\/v2\/media\/270"}],"wp:attachment":[{"href":"https:\/\/firemovement.comunifecali.org\/index.php\/wp-json\/wp\/v2\/media?parent=19"}],"curies":[{"name":"wp","href":"https:\/\/api.w.org\/{rel}","templated":true}]}}